{"id":117,"date":"2021-06-27T10:30:37","date_gmt":"2021-06-27T15:30:37","guid":{"rendered":"https:\/\/fepimsa.com\/es\/?page_id=117"},"modified":"2023-09-26T18:38:07","modified_gmt":"2023-09-26T23:38:07","slug":"nuestro-fondo","status":"publish","type":"page","link":"https:\/\/fepimsa.com\/es\/nuestro-fondo\/","title":{"rendered":"Nuestro fondo"},"content":{"rendered":"\n<div class=\"wp-block-columns is-layout-flex wp-container-3\">\n<div class=\"wp-block-column is-layout-flow\" style=\"flex-basis:33.33%\">\n<figure class=\"wp-block-image size-full\"><img decoding=\"async\" loading=\"lazy\" width=\"581\" height=\"634\" src=\"https:\/\/fepimsa.com\/es\/wp-content\/uploads\/2023\/09\/Nuestro-Fondo1-1.png\" alt=\"\" class=\"wp-image-1079\" srcset=\"https:\/\/fepimsa.com\/es\/wp-content\/uploads\/2023\/09\/Nuestro-Fondo1-1.png 581w, https:\/\/fepimsa.com\/es\/wp-content\/uploads\/2023\/09\/Nuestro-Fondo1-1-275x300.png 275w, https:\/\/fepimsa.com\/es\/wp-content\/uploads\/2023\/09\/Nuestro-Fondo1-1-220x240.png 220w\" sizes=\"(max-width: 581px) 100vw, 581px\" \/><\/figure>\n<\/div>\n\n\n\n<div class=\"wp-block-column is-layout-flow\" style=\"flex-basis:66.66%\">\n<h2 class=\"wp-block-heading\"><strong>NUESTRO FONDO<\/strong><\/h2>\n\n\n\n<p>El fondo de empleados del Parque Industrial de Malambo FEPIMSA es la decisi\u00f3n de unirnos para obtener juntos un amplio portafolio de beneficios para nosotros y nuestras familias. Potenciando talentos, recursos y esfuerzos, guiados por una visi\u00f3n y principios s\u00f3lidos en pro de ser social, econ\u00f3mica y culturalmente conveniente para nuestros asociados.<\/p>\n<\/div>\n<\/div>\n\n\n\n<div class=\"wp-block-columns is-layout-flex wp-container-6\">\n<div class=\"wp-block-column is-layout-flow\" style=\"flex-basis:66.66%\">\n<h2 class=\"wp-block-heading\">NUESTRA MISION<\/h2>\n\n\n\n<p>Brindar una experiencia excepcional en cada punto de contacto con el asociado y su grupo familiar, entregando soluciones financieras y sociales innovadoras alineadas con los estilos de vida, diversidad e inclusi\u00f3n de nuestros asociados.<\/p>\n<\/div>\n\n\n\n<div class=\"wp-block-column is-layout-flow\" style=\"flex-basis:33.33%\">\n<figure class=\"wp-block-image size-large\"><img decoding=\"async\" loading=\"lazy\" width=\"1024\" height=\"767\" src=\"https:\/\/fepimsa.com\/es\/wp-content\/uploads\/2023\/09\/Mision-1-1024x767.png\" alt=\"\" class=\"wp-image-1083\" srcset=\"https:\/\/fepimsa.com\/es\/wp-content\/uploads\/2023\/09\/Mision-1-1024x767.png 1024w, https:\/\/fepimsa.com\/es\/wp-content\/uploads\/2023\/09\/Mision-1-300x225.png 300w, https:\/\/fepimsa.com\/es\/wp-content\/uploads\/2023\/09\/Mision-1-768x576.png 768w, https:\/\/fepimsa.com\/es\/wp-content\/uploads\/2023\/09\/Mision-1-1536x1151.png 1536w, https:\/\/fepimsa.com\/es\/wp-content\/uploads\/2023\/09\/Mision-1-2048x1535.png 2048w, https:\/\/fepimsa.com\/es\/wp-content\/uploads\/2023\/09\/Mision-1-320x240.png 320w\" sizes=\"(max-width: 1024px) 100vw, 1024px\" \/><\/figure>\n<\/div>\n<\/div>\n\n\n\n<div class=\"wp-block-columns is-layout-flex wp-container-9\">\n<div class=\"wp-block-column is-layout-flow\" style=\"flex-basis:33.33%\">\n<figure class=\"wp-block-image size-large\"><img decoding=\"async\" loading=\"lazy\" width=\"1024\" height=\"767\" src=\"https:\/\/fepimsa.com\/es\/wp-content\/uploads\/2023\/09\/Vision-1-1024x767.png\" alt=\"\" class=\"wp-image-1081\" srcset=\"https:\/\/fepimsa.com\/es\/wp-content\/uploads\/2023\/09\/Vision-1-1024x767.png 1024w, https:\/\/fepimsa.com\/es\/wp-content\/uploads\/2023\/09\/Vision-1-300x225.png 300w, https:\/\/fepimsa.com\/es\/wp-content\/uploads\/2023\/09\/Vision-1-768x576.png 768w, https:\/\/fepimsa.com\/es\/wp-content\/uploads\/2023\/09\/Vision-1-1536x1151.png 1536w, https:\/\/fepimsa.com\/es\/wp-content\/uploads\/2023\/09\/Vision-1-2048x1535.png 2048w, https:\/\/fepimsa.com\/es\/wp-content\/uploads\/2023\/09\/Vision-1-320x240.png 320w\" sizes=\"(max-width: 1024px) 100vw, 1024px\" \/><\/figure>\n<\/div>\n\n\n\n<div class=\"wp-block-column is-layout-flow\" style=\"flex-basis:66.66%\">\n<h2 class=\"wp-block-heading\">NUESTRA VISION<\/h2>\n\n\n\n<p>Ser reconocidos como el mejor generador de valor para nuestros asociados y su familia, contribuyendo al cuidado ambiental y manteniendo la sostenibilidad financiera.<\/p>\n<\/div>\n<\/div>\n\n\n\n<div class=\"wp-block-columns is-layout-flex wp-container-12\">\n<div class=\"wp-block-column is-layout-flow\" style=\"flex-basis:66.66%\">\n<h2 class=\"wp-block-heading\">VALORES ADMINISTRATIVOS<\/h2>\n\n\n\n<ul>\n<li>Valoramos y promovemos el trabajo colaborativo. Reconocemos que el trabajo colaborativo es esencial para alcanzar nuestros objetivos y brindar un servicio excepcional a nuestros asociados.<\/li>\n\n\n\n<li>Nos comprometemos a ser transparentes, \u00edntegros y \u00e9ticos en el manejo de los recursos y en nuestras relaciones con nuestros asociados y partes relacionadas.<\/li>\n\n\n\n<li>La excelencia en el servicio implica comprender y anticipar las necesidades de nuestros asociados, buscando superar sus expectativas.<\/li>\n<\/ul>\n<\/div>\n\n\n\n<div class=\"wp-block-column is-layout-flow\" style=\"flex-basis:33.33%\">\n<figure class=\"wp-block-image size-large\"><img decoding=\"async\" loading=\"lazy\" width=\"1024\" height=\"767\" src=\"https:\/\/fepimsa.com\/es\/wp-content\/uploads\/2023\/09\/Valores-Corporativos-1-1024x767.png\" alt=\"\" class=\"wp-image-1082\" srcset=\"https:\/\/fepimsa.com\/es\/wp-content\/uploads\/2023\/09\/Valores-Corporativos-1-1024x767.png 1024w, https:\/\/fepimsa.com\/es\/wp-content\/uploads\/2023\/09\/Valores-Corporativos-1-300x225.png 300w, https:\/\/fepimsa.com\/es\/wp-content\/uploads\/2023\/09\/Valores-Corporativos-1-768x576.png 768w, https:\/\/fepimsa.com\/es\/wp-content\/uploads\/2023\/09\/Valores-Corporativos-1-1536x1151.png 1536w, https:\/\/fepimsa.com\/es\/wp-content\/uploads\/2023\/09\/Valores-Corporativos-1-2048x1535.png 2048w, https:\/\/fepimsa.com\/es\/wp-content\/uploads\/2023\/09\/Valores-Corporativos-1-320x240.png 320w\" sizes=\"(max-width: 1024px) 100vw, 1024px\" \/><\/figure>\n<\/div>\n<\/div>\n\n\n\n<h2 class=\"wp-block-heading\"><strong>RESE\u00d1A HIST\u00d3RICA<\/strong><\/h2>\n\n\n\n<p>El Fondo de Empleados del Parque Industrial Malambo&nbsp;FEPIMSA&nbsp;fue creado por un grupo de trabajadores de la Empresa ACESCO quienes deciden unirse para conformar una sociedad de derecho privado, sin \u00e1nimo de lucro para brindar servicios a sus asociados.<\/p>\n\n\n\n<p>El 12 de septiembre de 1984 se reconoce Personer\u00eda Jur\u00eddica en la Resoluci\u00f3n No.1536 emanada del Departamento Administrativo de Cooperativas Dancoop. Desde ese momento, en que 33 asociados fundadores deciden hacer realidad el sue\u00f1o de crear un Fondo de Empleados,&nbsp; hasta la actualidad FEPIMSA mira con optimismo el promisorio futuro ya que con el pasar de los a\u00f1os ha ido consolidando su portafolio de servicios y estructura empresarial, siempre enfocada a satisfacer las necesidades de sus asociados.<\/p>\n\n\n\n<p>FEPIMSA esta ubicado en las instalaciones del Parque Industrial Malambo, kil\u00f3metro 3 V\u00eda Malambo, Departamento del Atl\u00e1ntico. En la actualidad est\u00e1 conformado por 424 asociados vinculados a las Empresas del PARQUE INDUSTRIAL MALAMBO, de los cuales el 84% es de sexo masculino y el 16% de sexo&nbsp; femenino.<br>&nbsp;<br>Los activos de FEPIMSA, representados en su mayor parte en cartera de cr\u00e9ditos,&nbsp; ponen de presente el desarrollo sostenible de FEPIMSA, gracias a su&nbsp; mejoramiento continuo y a los principios y valores que tanto sus directivos como asociados han venido aplicando con fundamento en el trabajo en uni\u00f3n para el bien com\u00fan.<\/p>\n\n\n\n<div class=\"wp-block-columns is-layout-flex wp-container-18\">\n<div class=\"wp-block-column is-layout-flow\"><div class=\"wp-block-image\">\n<figure class=\"aligncenter size-large\"><img decoding=\"async\" loading=\"lazy\" width=\"196\" height=\"201\" src=\"https:\/\/fepimsa.com\/es\/wp-content\/uploads\/2021\/06\/logo-fepimsa-1984.png\" alt=\"\" class=\"wp-image-195\"\/><figcaption class=\"wp-element-caption\">1984<\/figcaption><\/figure><\/div><\/div>\n\n\n\n<div class=\"wp-block-column is-layout-flow\"><div class=\"wp-block-image\">\n<figure class=\"aligncenter size-large\"><img decoding=\"async\" loading=\"lazy\" width=\"196\" height=\"201\" src=\"https:\/\/fepimsa.com\/es\/wp-content\/uploads\/2021\/06\/logo-fepimsa-19xx-1.png\" alt=\"\" class=\"wp-image-197\"\/><figcaption class=\"wp-element-caption\">1991<\/figcaption><\/figure><\/div><\/div>\n\n\n\n<div class=\"wp-block-column is-vertically-aligned-center is-layout-flow\"><div class=\"wp-block-image\">\n<figure class=\"aligncenter size-large\"><img decoding=\"async\" loading=\"lazy\" width=\"426\" height=\"200\" src=\"https:\/\/fepimsa.com\/es\/wp-content\/uploads\/2021\/06\/logo-fepimsa-2012.png\" alt=\"\" class=\"wp-image-198\" srcset=\"https:\/\/fepimsa.com\/es\/wp-content\/uploads\/2021\/06\/logo-fepimsa-2012.png 426w, https:\/\/fepimsa.com\/es\/wp-content\/uploads\/2021\/06\/logo-fepimsa-2012-300x141.png 300w\" sizes=\"(max-width: 426px) 100vw, 426px\" \/><figcaption class=\"wp-element-caption\">2012<\/figcaption><\/figure><\/div><\/div>\n\n\n\n<div class=\"wp-block-column is-vertically-aligned-center is-layout-flow\"><div class=\"wp-block-image\">\n<figure class=\"aligncenter size-large\"><img decoding=\"async\" loading=\"lazy\" width=\"1024\" height=\"569\" src=\"https:\/\/fepimsa.com\/es\/wp-content\/uploads\/2023\/09\/Logo-2019-1-1024x569.jpg\" alt=\"\" class=\"wp-image-1080\" srcset=\"https:\/\/fepimsa.com\/es\/wp-content\/uploads\/2023\/09\/Logo-2019-1-1024x569.jpg 1024w, https:\/\/fepimsa.com\/es\/wp-content\/uploads\/2023\/09\/Logo-2019-1-300x167.jpg 300w, https:\/\/fepimsa.com\/es\/wp-content\/uploads\/2023\/09\/Logo-2019-1-768x427.jpg 768w, https:\/\/fepimsa.com\/es\/wp-content\/uploads\/2023\/09\/Logo-2019-1-432x240.jpg 432w, https:\/\/fepimsa.com\/es\/wp-content\/uploads\/2023\/09\/Logo-2019-1-650x360.jpg 650w, https:\/\/fepimsa.com\/es\/wp-content\/uploads\/2023\/09\/Logo-2019-1.jpg 1063w\" sizes=\"(max-width: 1024px) 100vw, 1024px\" \/><figcaption class=\"wp-element-caption\">2019<\/figcaption><\/figure><\/div><\/div>\n\n\n\n<div class=\"wp-block-column is-vertically-aligned-center is-layout-flow\"><div class=\"wp-block-image\">\n<figure class=\"aligncenter size-large\"><img decoding=\"async\" loading=\"lazy\" width=\"1024\" height=\"257\" src=\"https:\/\/fepimsa.com\/es\/wp-content\/uploads\/2023\/09\/LOGO-FEPIMSA-1024x257.png\" alt=\"\" class=\"wp-image-1088\" srcset=\"https:\/\/fepimsa.com\/es\/wp-content\/uploads\/2023\/09\/LOGO-FEPIMSA-1024x257.png 1024w, https:\/\/fepimsa.com\/es\/wp-content\/uploads\/2023\/09\/LOGO-FEPIMSA-300x75.png 300w, https:\/\/fepimsa.com\/es\/wp-content\/uploads\/2023\/09\/LOGO-FEPIMSA-768x193.png 768w, https:\/\/fepimsa.com\/es\/wp-content\/uploads\/2023\/09\/LOGO-FEPIMSA-1536x386.png 1536w, https:\/\/fepimsa.com\/es\/wp-content\/uploads\/2023\/09\/LOGO-FEPIMSA-2048x515.png 2048w, https:\/\/fepimsa.com\/es\/wp-content\/uploads\/2023\/09\/LOGO-FEPIMSA-611x154.png 611w\" sizes=\"(max-width: 1024px) 100vw, 1024px\" \/><figcaption class=\"wp-element-caption\">2023<\/figcaption><\/figure><\/div><\/div>\n<\/div>\n","protected":false},"excerpt":{"rendered":"<p>NUESTRO FONDO El fondo de empleados del Parque Industrial de Malambo FEPIMSA es la decisi\u00f3n de unirnos para obtener juntos un amplio portafolio de beneficios para nosotros y nuestras familias. Potenciando talentos, recursos y esfuerzos, guiados por una visi\u00f3n y principios s\u00f3lidos en pro de ser social, econ\u00f3mica y culturalmente &hellip;<\/p>\n","protected":false},"author":1,"featured_media":23,"parent":0,"menu_order":0,"comment_status":"closed","ping_status":"closed","template":"","meta":{"ngg_post_thumbnail":0},"yoast_head":"<!-- This site is optimized with the Yoast SEO plugin v17.8 - https:\/\/yoast.com\/wordpress\/plugins\/seo\/ -->\n<title>Nuestro fondo - Fepimsa<\/title>\n<meta name=\"robots\" content=\"index, follow, max-snippet:-1, max-image-preview:large, max-video-preview:-1\" \/>\n<link rel=\"canonical\" href=\"https:\/\/fepimsa.com\/es\/nuestro-fondo\/\" \/>\n<meta property=\"og:locale\" content=\"es_ES\" \/>\n<meta property=\"og:type\" content=\"article\" \/>\n<meta property=\"og:title\" content=\"Nuestro fondo - Fepimsa\" \/>\n<meta property=\"og:description\" content=\"NUESTRO FONDO El fondo de empleados del Parque Industrial de Malambo FEPIMSA es la decisi\u00f3n de unirnos para obtener juntos un amplio portafolio de beneficios para nosotros y nuestras familias. Potenciando talentos, recursos y esfuerzos, guiados por una visi\u00f3n y principios s\u00f3lidos en pro de ser social, econ\u00f3mica y culturalmente &hellip;\" \/>\n<meta property=\"og:url\" content=\"https:\/\/fepimsa.com\/es\/nuestro-fondo\/\" \/>\n<meta property=\"og:site_name\" content=\"Fepimsa\" \/>\n<meta property=\"article:modified_time\" content=\"2023-09-26T23:38:07+00:00\" \/>\n<meta property=\"og:image\" content=\"https:\/\/fepimsa.com\/es\/wp-content\/uploads\/2021\/06\/pexels-fauxels-3184418-scaled-e1624824315827.jpg\" \/>\n\t<meta property=\"og:image:width\" content=\"2560\" \/>\n\t<meta property=\"og:image:height\" content=\"1446\" \/>\n<meta name=\"twitter:card\" content=\"summary_large_image\" \/>\n<meta name=\"twitter:label1\" content=\"Tiempo estimado de lectura\" \/>\n\t<meta name=\"twitter:data1\" content=\"2 minutos\" \/>\n<script type=\"application\/ld+json\" class=\"yoast-schema-graph\">{\"@context\":\"https:\/\/schema.org\",\"@graph\":[{\"@type\":\"WebSite\",\"@id\":\"https:\/\/fepimsa.com\/es\/#website\",\"url\":\"https:\/\/fepimsa.com\/es\/\",\"name\":\"Fepimsa\",\"description\":\"Fondo de empleados PIMSA, un amigo de fondo\",\"potentialAction\":[{\"@type\":\"SearchAction\",\"target\":{\"@type\":\"EntryPoint\",\"urlTemplate\":\"https:\/\/fepimsa.com\/es\/?s={search_term_string}\"},\"query-input\":\"required name=search_term_string\"}],\"inLanguage\":\"es-CO\"},{\"@type\":\"ImageObject\",\"@id\":\"https:\/\/fepimsa.com\/es\/nuestro-fondo\/#primaryimage\",\"inLanguage\":\"es-CO\",\"url\":\"https:\/\/fepimsa.com\/es\/wp-content\/uploads\/2021\/06\/pexels-fauxels-3184418-scaled-e1624824315827.jpg\",\"contentUrl\":\"https:\/\/fepimsa.com\/es\/wp-content\/uploads\/2021\/06\/pexels-fauxels-3184418-scaled-e1624824315827.jpg\",\"width\":2560,\"height\":1446},{\"@type\":\"WebPage\",\"@id\":\"https:\/\/fepimsa.com\/es\/nuestro-fondo\/#webpage\",\"url\":\"https:\/\/fepimsa.com\/es\/nuestro-fondo\/\",\"name\":\"Nuestro fondo - Fepimsa\",\"isPartOf\":{\"@id\":\"https:\/\/fepimsa.com\/es\/#website\"},\"primaryImageOfPage\":{\"@id\":\"https:\/\/fepimsa.com\/es\/nuestro-fondo\/#primaryimage\"},\"datePublished\":\"2021-06-27T15:30:37+00:00\",\"dateModified\":\"2023-09-26T23:38:07+00:00\",\"breadcrumb\":{\"@id\":\"https:\/\/fepimsa.com\/es\/nuestro-fondo\/#breadcrumb\"},\"inLanguage\":\"es-CO\",\"potentialAction\":[{\"@type\":\"ReadAction\",\"target\":[\"https:\/\/fepimsa.com\/es\/nuestro-fondo\/\"]}]},{\"@type\":\"BreadcrumbList\",\"@id\":\"https:\/\/fepimsa.com\/es\/nuestro-fondo\/#breadcrumb\",\"itemListElement\":[{\"@type\":\"ListItem\",\"position\":1,\"name\":\"Home\",\"item\":\"https:\/\/fepimsa.com\/es\/\"},{\"@type\":\"ListItem\",\"position\":2,\"name\":\"Nuestro fondo\"}]}]}<\/script>\n<!-- \/ Yoast SEO plugin. -->","yoast_head_json":{"title":"Nuestro fondo - Fepimsa","robots":{"index":"index","follow":"follow","max-snippet":"max-snippet:-1","max-image-preview":"max-image-preview:large","max-video-preview":"max-video-preview:-1"},"canonical":"https:\/\/fepimsa.com\/es\/nuestro-fondo\/","og_locale":"es_ES","og_type":"article","og_title":"Nuestro fondo - Fepimsa","og_description":"NUESTRO FONDO El fondo de empleados del Parque Industrial de Malambo FEPIMSA es la decisi\u00f3n de unirnos para obtener juntos un amplio portafolio de beneficios para nosotros y nuestras familias. Potenciando talentos, recursos y esfuerzos, guiados por una visi\u00f3n y principios s\u00f3lidos en pro de ser social, econ\u00f3mica y culturalmente &hellip;","og_url":"https:\/\/fepimsa.com\/es\/nuestro-fondo\/","og_site_name":"Fepimsa","article_modified_time":"2023-09-26T23:38:07+00:00","og_image":[{"width":2560,"height":1446,"url":"https:\/\/fepimsa.com\/es\/wp-content\/uploads\/2021\/06\/pexels-fauxels-3184418-scaled-e1624824315827.jpg","type":"image\/jpeg"}],"twitter_card":"summary_large_image","twitter_misc":{"Tiempo estimado de lectura":"2 minutos"},"schema":{"@context":"https:\/\/schema.org","@graph":[{"@type":"WebSite","@id":"https:\/\/fepimsa.com\/es\/#website","url":"https:\/\/fepimsa.com\/es\/","name":"Fepimsa","description":"Fondo de empleados PIMSA, un amigo de fondo","potentialAction":[{"@type":"SearchAction","target":{"@type":"EntryPoint","urlTemplate":"https:\/\/fepimsa.com\/es\/?s={search_term_string}"},"query-input":"required name=search_term_string"}],"inLanguage":"es-CO"},{"@type":"ImageObject","@id":"https:\/\/fepimsa.com\/es\/nuestro-fondo\/#primaryimage","inLanguage":"es-CO","url":"https:\/\/fepimsa.com\/es\/wp-content\/uploads\/2021\/06\/pexels-fauxels-3184418-scaled-e1624824315827.jpg","contentUrl":"https:\/\/fepimsa.com\/es\/wp-content\/uploads\/2021\/06\/pexels-fauxels-3184418-scaled-e1624824315827.jpg","width":2560,"height":1446},{"@type":"WebPage","@id":"https:\/\/fepimsa.com\/es\/nuestro-fondo\/#webpage","url":"https:\/\/fepimsa.com\/es\/nuestro-fondo\/","name":"Nuestro fondo - Fepimsa","isPartOf":{"@id":"https:\/\/fepimsa.com\/es\/#website"},"primaryImageOfPage":{"@id":"https:\/\/fepimsa.com\/es\/nuestro-fondo\/#primaryimage"},"datePublished":"2021-06-27T15:30:37+00:00","dateModified":"2023-09-26T23:38:07+00:00","breadcrumb":{"@id":"https:\/\/fepimsa.com\/es\/nuestro-fondo\/#breadcrumb"},"inLanguage":"es-CO","potentialAction":[{"@type":"ReadAction","target":["https:\/\/fepimsa.com\/es\/nuestro-fondo\/"]}]},{"@type":"BreadcrumbList","@id":"https:\/\/fepimsa.com\/es\/nuestro-fondo\/#breadcrumb","itemListElement":[{"@type":"ListItem","position":1,"name":"Home","item":"https:\/\/fepimsa.com\/es\/"},{"@type":"ListItem","position":2,"name":"Nuestro fondo"}]}]}},"_links":{"self":[{"href":"https:\/\/fepimsa.com\/es\/wp-json\/wp\/v2\/pages\/117"}],"collection":[{"href":"https:\/\/fepimsa.com\/es\/wp-json\/wp\/v2\/pages"}],"about":[{"href":"https:\/\/fepimsa.com\/es\/wp-json\/wp\/v2\/types\/page"}],"author":[{"embeddable":true,"href":"https:\/\/fepimsa.com\/es\/wp-json\/wp\/v2\/users\/1"}],"replies":[{"embeddable":true,"href":"https:\/\/fepimsa.com\/es\/wp-json\/wp\/v2\/comments?post=117"}],"version-history":[{"count":5,"href":"https:\/\/fepimsa.com\/es\/wp-json\/wp\/v2\/pages\/117\/revisions"}],"predecessor-version":[{"id":1097,"href":"https:\/\/fepimsa.com\/es\/wp-json\/wp\/v2\/pages\/117\/revisions\/1097"}],"wp:featuredmedia":[{"embeddable":true,"href":"https:\/\/fepimsa.com\/es\/wp-json\/wp\/v2\/media\/23"}],"wp:attachment":[{"href":"https:\/\/fepimsa.com\/es\/wp-json\/wp\/v2\/media?parent=117"}],"curies":[{"name":"wp","href":"https:\/\/api.w.org\/{rel}","templated":true}]}}