{"id":333,"date":"2021-07-20T17:14:11","date_gmt":"2021-07-20T22:14:11","guid":{"rendered":"https:\/\/fepimsa.com\/es\/?page_id=333"},"modified":"2023-05-18T17:09:12","modified_gmt":"2023-05-18T22:09:12","slug":"recreacion","status":"publish","type":"page","link":"https:\/\/fepimsa.com\/es\/recreacion\/","title":{"rendered":"RECREACI\u00d3N"},"content":{"rendered":"\n<div class=\"wp-block-columns is-layout-flex wp-container-13\">\n<div class=\"wp-block-column is-vertically-aligned-top is-layout-flow\"><div class=\"wp-block-image is-style-default\">\n<figure class=\"aligncenter size-large is-resized\"><img decoding=\"async\" loading=\"lazy\" src=\"https:\/\/fepimsa.com\/es\/wp-content\/uploads\/2021\/07\/Diseno-sin-titulo-2-1.png\" alt=\"\" class=\"wp-image-368\" width=\"150\" height=\"150\" srcset=\"https:\/\/fepimsa.com\/es\/wp-content\/uploads\/2021\/07\/Diseno-sin-titulo-2-1.png 500w, https:\/\/fepimsa.com\/es\/wp-content\/uploads\/2021\/07\/Diseno-sin-titulo-2-1-300x300.png 300w, https:\/\/fepimsa.com\/es\/wp-content\/uploads\/2021\/07\/Diseno-sin-titulo-2-1-150x150.png 150w, https:\/\/fepimsa.com\/es\/wp-content\/uploads\/2021\/07\/Diseno-sin-titulo-2-1-240x240.png 240w\" sizes=\"(max-width: 150px) 100vw, 150px\" \/><\/figure><\/div>\n\n\n<div class=\"wp-block-columns is-layout-flex wp-container-3\">\n<div class=\"wp-block-column is-layout-flow\">\n<p>BENEFICIO<\/p>\n<\/div>\n\n\n\n<div class=\"wp-block-column is-layout-flow\">\n<p class=\"has-text-align-right\">NIVEL NACIONAL<\/p>\n<\/div>\n<\/div>\n\n\n\n<p>BOLETAS 2D, BOLETAS 3D Y COMBOS DE CONFITER\u00cdA<br><br>Aplica para las funciones de las salas de Cine a de CINECOLOMBIA &#8211; Solicita tus Bonos directamente en FEPIMSA <\/p>\n<\/div>\n\n\n\n<div class=\"wp-block-column is-layout-flow\"><div class=\"wp-block-image is-style-default\">\n<figure class=\"aligncenter size-large is-resized\"><img decoding=\"async\" loading=\"lazy\" src=\"https:\/\/fepimsa.com\/es\/wp-content\/uploads\/2021\/07\/logo-happycity.png\" alt=\"\" class=\"wp-image-388\" width=\"150\" height=\"150\" srcset=\"https:\/\/fepimsa.com\/es\/wp-content\/uploads\/2021\/07\/logo-happycity.png 500w, https:\/\/fepimsa.com\/es\/wp-content\/uploads\/2021\/07\/logo-happycity-300x300.png 300w, https:\/\/fepimsa.com\/es\/wp-content\/uploads\/2021\/07\/logo-happycity-150x150.png 150w, https:\/\/fepimsa.com\/es\/wp-content\/uploads\/2021\/07\/logo-happycity-240x240.png 240w\" sizes=\"(max-width: 150px) 100vw, 150px\" \/><\/figure><\/div>\n\n\n<div class=\"wp-block-columns is-layout-flex wp-container-7\">\n<div class=\"wp-block-column is-layout-flow\">\n<p>BENEFICIO<\/p>\n<\/div>\n\n\n\n<div class=\"wp-block-column is-layout-flow\">\n<p class=\"has-text-align-right\">NIVEL NACIONAL <\/p>\n<\/div>\n<\/div>\n\n\n\n<p>Tarjetas recargables. Recibes el doble del valor que solicites sea recargado. Organizaci\u00f3n de fiestas infantiles. Solicita tus tarjetas directamente en FEPIMSA<\/p>\n<\/div>\n\n\n\n<div class=\"wp-block-column is-layout-flow\"><div class=\"wp-block-image is-style-default\">\n<figure class=\"aligncenter size-large is-resized\"><img decoding=\"async\" loading=\"lazy\" src=\"https:\/\/fepimsa.com\/es\/wp-content\/uploads\/2021\/07\/Diseno-sin-titulo-2.png\" alt=\"\" class=\"wp-image-366\" width=\"150\" height=\"150\" srcset=\"https:\/\/fepimsa.com\/es\/wp-content\/uploads\/2021\/07\/Diseno-sin-titulo-2.png 500w, https:\/\/fepimsa.com\/es\/wp-content\/uploads\/2021\/07\/Diseno-sin-titulo-2-300x300.png 300w, https:\/\/fepimsa.com\/es\/wp-content\/uploads\/2021\/07\/Diseno-sin-titulo-2-150x150.png 150w, https:\/\/fepimsa.com\/es\/wp-content\/uploads\/2021\/07\/Diseno-sin-titulo-2-240x240.png 240w\" sizes=\"(max-width: 150px) 100vw, 150px\" \/><\/figure><\/div>\n\n\n<div class=\"wp-block-columns is-layout-flex wp-container-11\">\n<div class=\"wp-block-column is-layout-flow\">\n<p>BENEFICIO<\/p>\n<\/div>\n\n\n\n<div class=\"wp-block-column is-layout-flow\">\n<p class=\"has-text-align-right\">NIVEL NACIONAL<\/p>\n<\/div>\n<\/div>\n\n\n\n<p>Aplica para las funciones de las salas de Cine a de CINECOLOMBIA &#8211; Solicita tus Bonos directamente en FEPIMSA <br><br>BOLETAS 2D, BOLETAS 3D Y COMBOS DE CONFITER\u00cdA<\/p>\n<\/div>\n<\/div>\n\n\n\n<div class=\"wp-block-columns is-layout-flex wp-container-28\">\n<div class=\"wp-block-column is-vertically-aligned-center is-layout-flow\"><div class=\"wp-block-image is-style-default\">\n<figure class=\"aligncenter size-large is-resized\"><img decoding=\"async\" loading=\"lazy\" src=\"https:\/\/fepimsa.com\/es\/wp-content\/uploads\/2021\/07\/logo-zoobaq.png\" alt=\"\" class=\"wp-image-402\" width=\"150\" height=\"150\" srcset=\"https:\/\/fepimsa.com\/es\/wp-content\/uploads\/2021\/07\/logo-zoobaq.png 500w, https:\/\/fepimsa.com\/es\/wp-content\/uploads\/2021\/07\/logo-zoobaq-300x300.png 300w, https:\/\/fepimsa.com\/es\/wp-content\/uploads\/2021\/07\/logo-zoobaq-150x150.png 150w, https:\/\/fepimsa.com\/es\/wp-content\/uploads\/2021\/07\/logo-zoobaq-240x240.png 240w\" sizes=\"(max-width: 150px) 100vw, 150px\" \/><\/figure><\/div>\n\n\n<div class=\"wp-block-columns is-layout-flex wp-container-16\">\n<div class=\"wp-block-column is-layout-flow\">\n<p>BENEFICIO<\/p>\n<\/div>\n\n\n\n<div class=\"wp-block-column is-layout-flow\">\n<p class=\"has-text-align-right\">BARRANQUILLA<\/p>\n<\/div>\n<\/div>\n\n\n\n<p>Pasad\u00edas en el Zool\u00f3gico. Pagas 1 llevas 2 entradas por solo $15.500 &#8211; promoci\u00f3n v\u00e1lida hasta agotar existencia. Solicita tus pasad\u00edas directamente en FEPIMSA.<\/p>\n<\/div>\n\n\n\n<div class=\"wp-block-column is-layout-flow\">\n<div class=\"wp-block-columns is-layout-flex wp-container-22\">\n<div class=\"wp-block-column is-vertically-aligned-center is-layout-flow\"><div class=\"wp-block-image is-style-default\">\n<figure class=\"aligncenter size-full is-resized\"><img decoding=\"async\" loading=\"lazy\" src=\"https:\/\/fepimsa.com\/es\/wp-content\/uploads\/2023\/05\/1563209173-logo-popsy-cookie-jaar.jpg\" alt=\"\" class=\"wp-image-959\" width=\"246\" height=\"142\"\/><\/figure><\/div>\n\n\n<div class=\"wp-block-columns is-layout-flex wp-container-20\">\n<div class=\"wp-block-column is-layout-flow\">\n<p>BENEFICIO<\/p>\n<\/div>\n\n\n\n<div class=\"wp-block-column is-layout-flow\">\n<p class=\"has-text-align-right\">A NIVEL NACIONAL<\/p>\n<\/div>\n<\/div>\n\n\n\n<p>Popsy: Bonos digitales de $10.000 $20.000, $30.000 &nbsp;para uso en cualquier franquisia POPSY o COOKYE JARR <\/p>\n<\/div>\n<\/div>\n<\/div>\n\n\n\n<div class=\"wp-block-column is-vertically-aligned-center is-layout-flow\"><div class=\"wp-block-image is-style-default\">\n<figure class=\"aligncenter size-large is-resized\"><img decoding=\"async\" loading=\"lazy\" src=\"https:\/\/fepimsa.com\/es\/wp-content\/uploads\/2021\/07\/texto-fundacion-cultural.jpg\" alt=\"\" class=\"wp-image-461\" width=\"150\" height=\"150\" srcset=\"https:\/\/fepimsa.com\/es\/wp-content\/uploads\/2021\/07\/texto-fundacion-cultural.jpg 500w, https:\/\/fepimsa.com\/es\/wp-content\/uploads\/2021\/07\/texto-fundacion-cultural-300x300.jpg 300w, https:\/\/fepimsa.com\/es\/wp-content\/uploads\/2021\/07\/texto-fundacion-cultural-150x150.jpg 150w, https:\/\/fepimsa.com\/es\/wp-content\/uploads\/2021\/07\/texto-fundacion-cultural-240x240.jpg 240w\" sizes=\"(max-width: 150px) 100vw, 150px\" \/><\/figure><\/div>\n\n\n<div class=\"wp-block-columns is-layout-flex wp-container-26\">\n<div class=\"wp-block-column is-layout-flow\">\n<p>BENEFICIO<\/p>\n<\/div>\n\n\n\n<div class=\"wp-block-column is-layout-flow\">\n<p class=\"has-text-align-right\">BARRANQUILLA<\/p>\n<\/div>\n<\/div>\n\n\n\n<p>Descuentos del 5% al 10% sobre la tarifa del evento<\/p>\n<\/div>\n<\/div>\n\n\n\n<div class=\"wp-block-columns is-layout-flex wp-container-37\">\n<div class=\"wp-block-column is-vertically-aligned-center is-layout-flow\"><div class=\"wp-block-image is-style-default\">\n<figure class=\"aligncenter size-full is-resized\"><img decoding=\"async\" loading=\"lazy\" src=\"https:\/\/fepimsa.com\/es\/wp-content\/uploads\/2023\/05\/image014.png\" alt=\"\" class=\"wp-image-960\" width=\"172\" height=\"166\"\/><\/figure><\/div>\n\n\n<div class=\"wp-block-columns is-layout-flex wp-container-31\">\n<div class=\"wp-block-column is-layout-flow\">\n<p>BENEFICIO<\/p>\n<\/div>\n\n\n\n<div class=\"wp-block-column is-layout-flow\">\n<p class=\"has-text-align-right\">BARRANQUILLA<\/p>\n<\/div>\n<\/div>\n\n\n\n<p>FAMILY PARTY: Entradas y refrigerios al Parque Seco y de Agua, diversi\u00f3n ilimitada para los ni\u00f1os y adultos. <\/p>\n<\/div>\n\n\n\n<div class=\"wp-block-column is-vertically-aligned-center is-layout-flow\"><div class=\"wp-block-image is-style-default\">\n<figure class=\"aligncenter size-full is-resized\"><img decoding=\"async\" loading=\"lazy\" src=\"https:\/\/fepimsa.com\/es\/wp-content\/uploads\/2023\/05\/image015.png\" alt=\"\" class=\"wp-image-961\" width=\"235\" height=\"157\"\/><\/figure><\/div>\n\n\n<div class=\"wp-block-columns is-layout-flex wp-container-34\">\n<div class=\"wp-block-column is-layout-flow\">\n<p>BENEFICIO                    SOLEDAD Y BARRANQUILLA<\/p>\n<\/div>\n<\/div>\n\n\n\n<p>BONOS ZERO GRAVITY: Bonos con descuento especial para diversi\u00f3n ilimitada de 1 hora: <\/p>\n<\/div>\n\n\n\n<div class=\"wp-block-column is-layout-flow\"><\/div>\n<\/div>\n\n\n\n<div class=\"wp-block-columns is-layout-flex wp-container-41\">\n<div class=\"wp-block-column is-layout-flow\" style=\"flex-basis:25%\"><\/div>\n\n\n\n<div class=\"wp-block-column is-layout-flow\" style=\"flex-basis:50%\">\n<h4 class=\"wp-block-heading\">Para acceder a este beneficio o si tienes dudas acerca de los detalles de este convenio, debes comunicarte con nosotros a la l\u00ednea de atenci\u00f3n <strong>3103634259<\/strong>, o env\u00eda un correo a <a href=\"mailto:mvilla@acesco.com\">mvilla@acesco.com<\/a>.<\/h4>\n<\/div>\n\n\n\n<div class=\"wp-block-column is-layout-flow\" style=\"flex-basis:25%\"><\/div>\n<\/div>\n","protected":false},"excerpt":{"rendered":"<p>BENEFICIO NIVEL NACIONAL BOLETAS 2D, BOLETAS 3D Y COMBOS DE CONFITER\u00cdA Aplica para las funciones de las salas de Cine a de CINECOLOMBIA &#8211; Solicita tus Bonos directamente en FEPIMSA BENEFICIO NIVEL NACIONAL Tarjetas recargables. Recibes el doble del valor que solicites sea recargado. Organizaci\u00f3n de fiestas infantiles. Solicita tus &hellip;<\/p>\n","protected":false},"author":1,"featured_media":341,"parent":0,"menu_order":0,"comment_status":"closed","ping_status":"closed","template":"","meta":{"ngg_post_thumbnail":0},"yoast_head":"<!-- This site is optimized with the Yoast SEO plugin v17.8 - https:\/\/yoast.com\/wordpress\/plugins\/seo\/ -->\n<title>RECREACI\u00d3N - Fepimsa<\/title>\n<meta name=\"robots\" content=\"index, follow, max-snippet:-1, max-image-preview:large, max-video-preview:-1\" \/>\n<link rel=\"canonical\" href=\"https:\/\/fepimsa.com\/es\/recreacion\/\" \/>\n<meta property=\"og:locale\" content=\"es_ES\" \/>\n<meta property=\"og:type\" content=\"article\" \/>\n<meta property=\"og:title\" content=\"RECREACI\u00d3N - Fepimsa\" \/>\n<meta property=\"og:description\" content=\"BENEFICIO NIVEL NACIONAL BOLETAS 2D, BOLETAS 3D Y COMBOS DE CONFITER\u00cdA Aplica para las funciones de las salas de Cine a de CINECOLOMBIA &#8211; Solicita tus Bonos directamente en FEPIMSA BENEFICIO NIVEL NACIONAL Tarjetas recargables. Recibes el doble del valor que solicites sea recargado. Organizaci\u00f3n de fiestas infantiles. Solicita tus &hellip;\" \/>\n<meta property=\"og:url\" content=\"https:\/\/fepimsa.com\/es\/recreacion\/\" \/>\n<meta property=\"og:site_name\" content=\"Fepimsa\" \/>\n<meta property=\"article:modified_time\" content=\"2023-05-18T22:09:12+00:00\" \/>\n<meta property=\"og:image\" content=\"https:\/\/fepimsa.com\/es\/wp-content\/uploads\/2021\/07\/recreacion-scaled.jpg\" \/>\n\t<meta property=\"og:image:width\" content=\"2560\" \/>\n\t<meta property=\"og:image:height\" content=\"1440\" \/>\n<meta name=\"twitter:card\" content=\"summary_large_image\" \/>\n<meta name=\"twitter:label1\" content=\"Tiempo estimado de lectura\" \/>\n\t<meta name=\"twitter:data1\" content=\"4 minutos\" \/>\n<script type=\"application\/ld+json\" class=\"yoast-schema-graph\">{\"@context\":\"https:\/\/schema.org\",\"@graph\":[{\"@type\":\"WebSite\",\"@id\":\"https:\/\/fepimsa.com\/es\/#website\",\"url\":\"https:\/\/fepimsa.com\/es\/\",\"name\":\"Fepimsa\",\"description\":\"Fondo de empleados PIMSA, un amigo de fondo\",\"potentialAction\":[{\"@type\":\"SearchAction\",\"target\":{\"@type\":\"EntryPoint\",\"urlTemplate\":\"https:\/\/fepimsa.com\/es\/?s={search_term_string}\"},\"query-input\":\"required name=search_term_string\"}],\"inLanguage\":\"es-CO\"},{\"@type\":\"ImageObject\",\"@id\":\"https:\/\/fepimsa.com\/es\/recreacion\/#primaryimage\",\"inLanguage\":\"es-CO\",\"url\":\"https:\/\/fepimsa.com\/es\/wp-content\/uploads\/2021\/07\/recreacion-scaled.jpg\",\"contentUrl\":\"https:\/\/fepimsa.com\/es\/wp-content\/uploads\/2021\/07\/recreacion-scaled.jpg\",\"width\":2560,\"height\":1440},{\"@type\":\"WebPage\",\"@id\":\"https:\/\/fepimsa.com\/es\/recreacion\/#webpage\",\"url\":\"https:\/\/fepimsa.com\/es\/recreacion\/\",\"name\":\"RECREACI\\u00d3N - Fepimsa\",\"isPartOf\":{\"@id\":\"https:\/\/fepimsa.com\/es\/#website\"},\"primaryImageOfPage\":{\"@id\":\"https:\/\/fepimsa.com\/es\/recreacion\/#primaryimage\"},\"datePublished\":\"2021-07-20T22:14:11+00:00\",\"dateModified\":\"2023-05-18T22:09:12+00:00\",\"breadcrumb\":{\"@id\":\"https:\/\/fepimsa.com\/es\/recreacion\/#breadcrumb\"},\"inLanguage\":\"es-CO\",\"potentialAction\":[{\"@type\":\"ReadAction\",\"target\":[\"https:\/\/fepimsa.com\/es\/recreacion\/\"]}]},{\"@type\":\"BreadcrumbList\",\"@id\":\"https:\/\/fepimsa.com\/es\/recreacion\/#breadcrumb\",\"itemListElement\":[{\"@type\":\"ListItem\",\"position\":1,\"name\":\"Home\",\"item\":\"https:\/\/fepimsa.com\/es\/\"},{\"@type\":\"ListItem\",\"position\":2,\"name\":\"RECREACI\\u00d3N\"}]}]}<\/script>\n<!-- \/ Yoast SEO plugin. -->","yoast_head_json":{"title":"RECREACI\u00d3N - Fepimsa","robots":{"index":"index","follow":"follow","max-snippet":"max-snippet:-1","max-image-preview":"max-image-preview:large","max-video-preview":"max-video-preview:-1"},"canonical":"https:\/\/fepimsa.com\/es\/recreacion\/","og_locale":"es_ES","og_type":"article","og_title":"RECREACI\u00d3N - Fepimsa","og_description":"BENEFICIO NIVEL NACIONAL BOLETAS 2D, BOLETAS 3D Y COMBOS DE CONFITER\u00cdA Aplica para las funciones de las salas de Cine a de CINECOLOMBIA &#8211; Solicita tus Bonos directamente en FEPIMSA BENEFICIO NIVEL NACIONAL Tarjetas recargables. Recibes el doble del valor que solicites sea recargado. Organizaci\u00f3n de fiestas infantiles. Solicita tus &hellip;","og_url":"https:\/\/fepimsa.com\/es\/recreacion\/","og_site_name":"Fepimsa","article_modified_time":"2023-05-18T22:09:12+00:00","og_image":[{"width":2560,"height":1440,"url":"https:\/\/fepimsa.com\/es\/wp-content\/uploads\/2021\/07\/recreacion-scaled.jpg","type":"image\/jpeg"}],"twitter_card":"summary_large_image","twitter_misc":{"Tiempo estimado de lectura":"4 minutos"},"schema":{"@context":"https:\/\/schema.org","@graph":[{"@type":"WebSite","@id":"https:\/\/fepimsa.com\/es\/#website","url":"https:\/\/fepimsa.com\/es\/","name":"Fepimsa","description":"Fondo de empleados PIMSA, un amigo de fondo","potentialAction":[{"@type":"SearchAction","target":{"@type":"EntryPoint","urlTemplate":"https:\/\/fepimsa.com\/es\/?s={search_term_string}"},"query-input":"required name=search_term_string"}],"inLanguage":"es-CO"},{"@type":"ImageObject","@id":"https:\/\/fepimsa.com\/es\/recreacion\/#primaryimage","inLanguage":"es-CO","url":"https:\/\/fepimsa.com\/es\/wp-content\/uploads\/2021\/07\/recreacion-scaled.jpg","contentUrl":"https:\/\/fepimsa.com\/es\/wp-content\/uploads\/2021\/07\/recreacion-scaled.jpg","width":2560,"height":1440},{"@type":"WebPage","@id":"https:\/\/fepimsa.com\/es\/recreacion\/#webpage","url":"https:\/\/fepimsa.com\/es\/recreacion\/","name":"RECREACI\u00d3N - Fepimsa","isPartOf":{"@id":"https:\/\/fepimsa.com\/es\/#website"},"primaryImageOfPage":{"@id":"https:\/\/fepimsa.com\/es\/recreacion\/#primaryimage"},"datePublished":"2021-07-20T22:14:11+00:00","dateModified":"2023-05-18T22:09:12+00:00","breadcrumb":{"@id":"https:\/\/fepimsa.com\/es\/recreacion\/#breadcrumb"},"inLanguage":"es-CO","potentialAction":[{"@type":"ReadAction","target":["https:\/\/fepimsa.com\/es\/recreacion\/"]}]},{"@type":"BreadcrumbList","@id":"https:\/\/fepimsa.com\/es\/recreacion\/#breadcrumb","itemListElement":[{"@type":"ListItem","position":1,"name":"Home","item":"https:\/\/fepimsa.com\/es\/"},{"@type":"ListItem","position":2,"name":"RECREACI\u00d3N"}]}]}},"_links":{"self":[{"href":"https:\/\/fepimsa.com\/es\/wp-json\/wp\/v2\/pages\/333"}],"collection":[{"href":"https:\/\/fepimsa.com\/es\/wp-json\/wp\/v2\/pages"}],"about":[{"href":"https:\/\/fepimsa.com\/es\/wp-json\/wp\/v2\/types\/page"}],"author":[{"embeddable":true,"href":"https:\/\/fepimsa.com\/es\/wp-json\/wp\/v2\/users\/1"}],"replies":[{"embeddable":true,"href":"https:\/\/fepimsa.com\/es\/wp-json\/wp\/v2\/comments?post=333"}],"version-history":[{"count":19,"href":"https:\/\/fepimsa.com\/es\/wp-json\/wp\/v2\/pages\/333\/revisions"}],"predecessor-version":[{"id":964,"href":"https:\/\/fepimsa.com\/es\/wp-json\/wp\/v2\/pages\/333\/revisions\/964"}],"wp:featuredmedia":[{"embeddable":true,"href":"https:\/\/fepimsa.com\/es\/wp-json\/wp\/v2\/media\/341"}],"wp:attachment":[{"href":"https:\/\/fepimsa.com\/es\/wp-json\/wp\/v2\/media?parent=333"}],"curies":[{"name":"wp","href":"https:\/\/api.w.org\/{rel}","templated":true}]}}