{"id":432,"date":"2021-07-24T20:32:42","date_gmt":"2021-07-25T01:32:42","guid":{"rendered":"https:\/\/fepimsa.com\/es\/?page_id=432"},"modified":"2023-05-18T16:46:47","modified_gmt":"2023-05-18T21:46:47","slug":"salud","status":"publish","type":"page","link":"https:\/\/fepimsa.com\/es\/salud\/","title":{"rendered":"SALUD"},"content":{"rendered":"\n<div class=\"wp-block-group is-layout-flow\"><div class=\"wp-block-group__inner-container\">\n<div class=\"wp-block-columns is-layout-flex wp-container-9\">\n<div class=\"wp-block-column is-layout-flow\"><div class=\"wp-block-image\">\n<figure class=\"aligncenter size-large is-resized\"><img decoding=\"async\" loading=\"lazy\" src=\"https:\/\/fepimsa.com\/es\/wp-content\/uploads\/2021\/07\/logo-cimspa.jpg\" alt=\"\" class=\"wp-image-423\" width=\"150\" height=\"150\" srcset=\"https:\/\/fepimsa.com\/es\/wp-content\/uploads\/2021\/07\/logo-cimspa.jpg 500w, https:\/\/fepimsa.com\/es\/wp-content\/uploads\/2021\/07\/logo-cimspa-300x300.jpg 300w, https:\/\/fepimsa.com\/es\/wp-content\/uploads\/2021\/07\/logo-cimspa-150x150.jpg 150w, https:\/\/fepimsa.com\/es\/wp-content\/uploads\/2021\/07\/logo-cimspa-240x240.jpg 240w\" sizes=\"(max-width: 150px) 100vw, 150px\" \/><\/figure><\/div>\n\n\n<div class=\"wp-block-columns is-layout-flex wp-container-3\">\n<div class=\"wp-block-column is-layout-flow\">\n<p><strong>BENEFICIO<\/strong>:<\/p>\n<\/div>\n\n\n\n<div class=\"wp-block-column is-layout-flow\">\n<p class=\"has-text-align-right\"><em>BARRANQUILLA<\/em><\/p>\n<\/div>\n<\/div>\n\n\n\n<p>Tarifas especiales en Tratamientos para los Asociados a FEPIMSA<\/p>\n\n\n\n<p>Servicios de Spa, Dermatolog\u00eda, Medicina Est\u00e9tica, Cosmetolog\u00eda y Est\u00e9tica Integral<\/p>\n<\/div>\n\n\n\n<div class=\"wp-block-column is-layout-flow\"><div class=\"wp-block-image\">\n<figure class=\"aligncenter size-large is-resized\"><img decoding=\"async\" loading=\"lazy\" src=\"https:\/\/fepimsa.com\/es\/wp-content\/uploads\/2021\/07\/logo-sura.jpg\" alt=\"\" class=\"wp-image-429\" width=\"150\" height=\"150\" srcset=\"https:\/\/fepimsa.com\/es\/wp-content\/uploads\/2021\/07\/logo-sura.jpg 500w, https:\/\/fepimsa.com\/es\/wp-content\/uploads\/2021\/07\/logo-sura-300x300.jpg 300w, https:\/\/fepimsa.com\/es\/wp-content\/uploads\/2021\/07\/logo-sura-150x150.jpg 150w, https:\/\/fepimsa.com\/es\/wp-content\/uploads\/2021\/07\/logo-sura-240x240.jpg 240w\" sizes=\"(max-width: 150px) 100vw, 150px\" \/><\/figure><\/div>\n\n\n<div class=\"wp-block-columns is-layout-flex wp-container-7\">\n<div class=\"wp-block-column is-layout-flow\">\n<p><strong>BENEFICIO<\/strong>:<\/p>\n<\/div>\n\n\n\n<div class=\"wp-block-column is-layout-flow\">\n<p class=\"has-text-align-right\"><em>NACIONAL<\/em><\/p>\n<\/div>\n<\/div>\n\n\n\n<p>Tarifas especiales en la prestaci\u00f3n de servicios m\u00e9dicos asistenciales en el cuidado de la salud visual.<\/p>\n\n\n\n<p>Servicios para Adquirir polizas de vida grupo, vida integral, Vidasugente Surrenta, Vacunaci\u00f3n<\/p>\n<\/div>\n<\/div>\n<\/div><\/div>\n\n\n\n<div class=\"wp-block-group is-layout-flow\"><div class=\"wp-block-group__inner-container\">\n<div class=\"wp-block-columns is-layout-flex wp-container-19\">\n<div class=\"wp-block-column is-layout-flow\"><div class=\"wp-block-image is-style-default\">\n<figure class=\"aligncenter size-full\"><img decoding=\"async\" loading=\"lazy\" width=\"285\" height=\"98\" src=\"https:\/\/fepimsa.com\/es\/wp-content\/uploads\/2023\/05\/unnamed.png\" alt=\"\" class=\"wp-image-953\"\/><\/figure><\/div>\n\n\n<div class=\"wp-block-columns is-layout-flex wp-container-13\">\n<div class=\"wp-block-column is-layout-flow\">\n<p><strong>BENEFICIO<\/strong>:<\/p>\n<\/div>\n\n\n\n<div class=\"wp-block-column is-layout-flow\">\n<p>NACIONAL<\/p>\n<\/div>\n<\/div>\n\n\n\n<p>F<strong>undacion integral visioncaribe<\/strong>: Consulta de optometr\u00eda Gratis y descuentos especiales en monturas y lentes, a nivel nacional.<\/p>\n<\/div>\n\n\n\n<div class=\"wp-block-column is-layout-flow\"><div class=\"wp-block-image is-style-default\">\n<figure class=\"aligncenter size-full is-resized\"><img decoding=\"async\" loading=\"lazy\" src=\"https:\/\/fepimsa.com\/es\/wp-content\/uploads\/2023\/05\/image011.png\" alt=\"\" class=\"wp-image-955\" width=\"-186\" height=\"-81\" srcset=\"https:\/\/fepimsa.com\/es\/wp-content\/uploads\/2023\/05\/image011.png 490w, https:\/\/fepimsa.com\/es\/wp-content\/uploads\/2023\/05\/image011-300x132.png 300w\" sizes=\"(max-width: 490px) 100vw, 490px\" \/><\/figure><\/div>\n\n\n<div class=\"wp-block-columns is-layout-flex wp-container-17\">\n<div class=\"wp-block-column is-layout-flow\">\n<p><strong>BENEFICIO<\/strong>:<\/p>\n<\/div>\n\n\n\n<div class=\"wp-block-column is-layout-flow\">\n<p><em>A NIVEL NACIONAL<\/em><\/p>\n<\/div>\n<\/div>\n\n\n\n<p>EMI:\u00a0Tarifas especiales en planes de Asistencia M\u00e9dica Inmediata, servicios m\u00e9dicos domiciliarios, prehospitalarios y ambulancia. <\/p>\n<\/div>\n<\/div>\n<\/div><\/div>\n\n\n\n<div class=\"wp-block-columns is-layout-flex wp-container-31\">\n<div class=\"wp-block-column is-layout-flow\">\n<div class=\"wp-block-columns is-layout-flex wp-container-29\">\n<div class=\"wp-block-column is-layout-flow\"><div class=\"wp-block-image is-style-default\">\n<figure class=\"aligncenter size-large is-resized\"><img decoding=\"async\" loading=\"lazy\" src=\"https:\/\/fepimsa.com\/es\/wp-content\/uploads\/2021\/07\/logo-ami.jpg\" alt=\"\" class=\"wp-image-420\" width=\"150\" height=\"150\" srcset=\"https:\/\/fepimsa.com\/es\/wp-content\/uploads\/2021\/07\/logo-ami.jpg 500w, https:\/\/fepimsa.com\/es\/wp-content\/uploads\/2021\/07\/logo-ami-300x300.jpg 300w, https:\/\/fepimsa.com\/es\/wp-content\/uploads\/2021\/07\/logo-ami-150x150.jpg 150w, https:\/\/fepimsa.com\/es\/wp-content\/uploads\/2021\/07\/logo-ami-240x240.jpg 240w\" sizes=\"(max-width: 150px) 100vw, 150px\" \/><\/figure><\/div>\n\n\n<div class=\"wp-block-columns is-layout-flex wp-container-23\">\n<div class=\"wp-block-column is-layout-flow\">\n<p><strong>BENEFICIOS:<\/strong><\/p>\n<\/div>\n\n\n\n<div class=\"wp-block-column is-layout-flow\">\n<p class=\"has-text-align-right\"><em>BARRANQUILLA<\/em><\/p>\n<\/div>\n<\/div>\n\n\n\n<p>Tarifas especiales en planes de Asistencia Medica Inmediata, servicios m\u00e9dicos domiciliarios, prehospitalarios y ambulancia.<\/p>\n<\/div>\n\n\n\n<div class=\"wp-block-column is-layout-flow\"><div class=\"wp-block-image is-style-default\">\n<figure class=\"aligncenter size-large is-resized\"><img decoding=\"async\" loading=\"lazy\" src=\"https:\/\/fepimsa.com\/es\/wp-content\/uploads\/2021\/07\/logo-bodytech.jpg\" alt=\"\" class=\"wp-image-421\" width=\"150\" height=\"150\" srcset=\"https:\/\/fepimsa.com\/es\/wp-content\/uploads\/2021\/07\/logo-bodytech.jpg 500w, https:\/\/fepimsa.com\/es\/wp-content\/uploads\/2021\/07\/logo-bodytech-300x300.jpg 300w, https:\/\/fepimsa.com\/es\/wp-content\/uploads\/2021\/07\/logo-bodytech-150x150.jpg 150w, https:\/\/fepimsa.com\/es\/wp-content\/uploads\/2021\/07\/logo-bodytech-240x240.jpg 240w\" sizes=\"(max-width: 150px) 100vw, 150px\" \/><\/figure><\/div>\n\n\n<div class=\"wp-block-columns is-layout-flex wp-container-27\">\n<div class=\"wp-block-column is-layout-flow\">\n<p><strong>BENEFICIOS:<\/strong><\/p>\n<\/div>\n\n\n\n<div class=\"wp-block-column is-layout-flow\">\n<p class=\"has-text-align-right\"><em>BARRANQUILLA<\/em><\/p>\n<\/div>\n<\/div>\n\n\n\n<p>Descuentos del 20% al 25% de descuento en todos sus planes<\/p>\n<\/div>\n<\/div>\n<\/div>\n<\/div>\n\n\n\n<div class=\"wp-block-columns is-layout-flex wp-container-34\">\n<div class=\"wp-block-column is-layout-flow\">\n<div class=\"wp-block-columns is-layout-flex wp-container-32\"><\/div>\n<\/div>\n<\/div>\n\n\n\n<div class=\"wp-block-columns is-layout-flex wp-container-38\">\n<div class=\"wp-block-column is-layout-flow\" style=\"flex-basis:25%\"><\/div>\n\n\n\n<div class=\"wp-block-column is-layout-flow\" style=\"flex-basis:50%\">\n<h4 class=\"wp-block-heading\">Para acceder a este beneficio o si tienes dudas acerca de los detalles de este convenio, debes comunicarte con nosotros a la l\u00ednea de atenci\u00f3n <strong>3103634259<\/strong>, o env\u00eda un correo a <a href=\"mailto:mvilla@acesco.com\">mvilla@acesco.com<\/a>.<\/h4>\n<\/div>\n\n\n\n<div class=\"wp-block-column is-layout-flow\" style=\"flex-basis:25%\"><\/div>\n<\/div>\n","protected":false},"excerpt":{"rendered":"<p>BENEFICIO: BARRANQUILLA Tarifas especiales en Tratamientos para los Asociados a FEPIMSA Servicios de Spa, Dermatolog\u00eda, Medicina Est\u00e9tica, Cosmetolog\u00eda y Est\u00e9tica Integral BENEFICIO: NACIONAL Tarifas especiales en la prestaci\u00f3n de servicios m\u00e9dicos asistenciales en el cuidado de la salud visual. Servicios para Adquirir polizas de vida grupo, vida integral, Vidasugente Surrenta, &hellip;<\/p>\n","protected":false},"author":1,"featured_media":343,"parent":0,"menu_order":0,"comment_status":"closed","ping_status":"closed","template":"","meta":{"ngg_post_thumbnail":0},"yoast_head":"<!-- This site is optimized with the Yoast SEO plugin v17.8 - https:\/\/yoast.com\/wordpress\/plugins\/seo\/ -->\n<title>SALUD - Fepimsa<\/title>\n<meta name=\"robots\" content=\"index, follow, max-snippet:-1, max-image-preview:large, max-video-preview:-1\" \/>\n<link rel=\"canonical\" href=\"https:\/\/fepimsa.com\/es\/salud\/\" \/>\n<meta property=\"og:locale\" content=\"es_ES\" \/>\n<meta property=\"og:type\" content=\"article\" \/>\n<meta property=\"og:title\" content=\"SALUD - Fepimsa\" \/>\n<meta property=\"og:description\" content=\"BENEFICIO: BARRANQUILLA Tarifas especiales en Tratamientos para los Asociados a FEPIMSA Servicios de Spa, Dermatolog\u00eda, Medicina Est\u00e9tica, Cosmetolog\u00eda y Est\u00e9tica Integral BENEFICIO: NACIONAL Tarifas especiales en la prestaci\u00f3n de servicios m\u00e9dicos asistenciales en el cuidado de la salud visual. Servicios para Adquirir polizas de vida grupo, vida integral, Vidasugente Surrenta, &hellip;\" \/>\n<meta property=\"og:url\" content=\"https:\/\/fepimsa.com\/es\/salud\/\" \/>\n<meta property=\"og:site_name\" content=\"Fepimsa\" \/>\n<meta property=\"article:modified_time\" content=\"2023-05-18T21:46:47+00:00\" \/>\n<meta property=\"og:image\" content=\"https:\/\/fepimsa.com\/es\/wp-content\/uploads\/2021\/07\/salud-scaled.jpg\" \/>\n\t<meta property=\"og:image:width\" content=\"2560\" \/>\n\t<meta property=\"og:image:height\" content=\"1418\" \/>\n<meta name=\"twitter:card\" content=\"summary_large_image\" \/>\n<meta name=\"twitter:label1\" content=\"Tiempo estimado de lectura\" \/>\n\t<meta name=\"twitter:data1\" content=\"3 minutos\" \/>\n<script type=\"application\/ld+json\" class=\"yoast-schema-graph\">{\"@context\":\"https:\/\/schema.org\",\"@graph\":[{\"@type\":\"WebSite\",\"@id\":\"https:\/\/fepimsa.com\/es\/#website\",\"url\":\"https:\/\/fepimsa.com\/es\/\",\"name\":\"Fepimsa\",\"description\":\"Fondo de empleados PIMSA, un amigo de fondo\",\"potentialAction\":[{\"@type\":\"SearchAction\",\"target\":{\"@type\":\"EntryPoint\",\"urlTemplate\":\"https:\/\/fepimsa.com\/es\/?s={search_term_string}\"},\"query-input\":\"required name=search_term_string\"}],\"inLanguage\":\"es-CO\"},{\"@type\":\"ImageObject\",\"@id\":\"https:\/\/fepimsa.com\/es\/salud\/#primaryimage\",\"inLanguage\":\"es-CO\",\"url\":\"https:\/\/fepimsa.com\/es\/wp-content\/uploads\/2021\/07\/salud-scaled.jpg\",\"contentUrl\":\"https:\/\/fepimsa.com\/es\/wp-content\/uploads\/2021\/07\/salud-scaled.jpg\",\"width\":2560,\"height\":1418},{\"@type\":\"WebPage\",\"@id\":\"https:\/\/fepimsa.com\/es\/salud\/#webpage\",\"url\":\"https:\/\/fepimsa.com\/es\/salud\/\",\"name\":\"SALUD - Fepimsa\",\"isPartOf\":{\"@id\":\"https:\/\/fepimsa.com\/es\/#website\"},\"primaryImageOfPage\":{\"@id\":\"https:\/\/fepimsa.com\/es\/salud\/#primaryimage\"},\"datePublished\":\"2021-07-25T01:32:42+00:00\",\"dateModified\":\"2023-05-18T21:46:47+00:00\",\"breadcrumb\":{\"@id\":\"https:\/\/fepimsa.com\/es\/salud\/#breadcrumb\"},\"inLanguage\":\"es-CO\",\"potentialAction\":[{\"@type\":\"ReadAction\",\"target\":[\"https:\/\/fepimsa.com\/es\/salud\/\"]}]},{\"@type\":\"BreadcrumbList\",\"@id\":\"https:\/\/fepimsa.com\/es\/salud\/#breadcrumb\",\"itemListElement\":[{\"@type\":\"ListItem\",\"position\":1,\"name\":\"Home\",\"item\":\"https:\/\/fepimsa.com\/es\/\"},{\"@type\":\"ListItem\",\"position\":2,\"name\":\"SALUD\"}]}]}<\/script>\n<!-- \/ Yoast SEO plugin. -->","yoast_head_json":{"title":"SALUD - Fepimsa","robots":{"index":"index","follow":"follow","max-snippet":"max-snippet:-1","max-image-preview":"max-image-preview:large","max-video-preview":"max-video-preview:-1"},"canonical":"https:\/\/fepimsa.com\/es\/salud\/","og_locale":"es_ES","og_type":"article","og_title":"SALUD - Fepimsa","og_description":"BENEFICIO: BARRANQUILLA Tarifas especiales en Tratamientos para los Asociados a FEPIMSA Servicios de Spa, Dermatolog\u00eda, Medicina Est\u00e9tica, Cosmetolog\u00eda y Est\u00e9tica Integral BENEFICIO: NACIONAL Tarifas especiales en la prestaci\u00f3n de servicios m\u00e9dicos asistenciales en el cuidado de la salud visual. Servicios para Adquirir polizas de vida grupo, vida integral, Vidasugente Surrenta, &hellip;","og_url":"https:\/\/fepimsa.com\/es\/salud\/","og_site_name":"Fepimsa","article_modified_time":"2023-05-18T21:46:47+00:00","og_image":[{"width":2560,"height":1418,"url":"https:\/\/fepimsa.com\/es\/wp-content\/uploads\/2021\/07\/salud-scaled.jpg","type":"image\/jpeg"}],"twitter_card":"summary_large_image","twitter_misc":{"Tiempo estimado de lectura":"3 minutos"},"schema":{"@context":"https:\/\/schema.org","@graph":[{"@type":"WebSite","@id":"https:\/\/fepimsa.com\/es\/#website","url":"https:\/\/fepimsa.com\/es\/","name":"Fepimsa","description":"Fondo de empleados PIMSA, un amigo de fondo","potentialAction":[{"@type":"SearchAction","target":{"@type":"EntryPoint","urlTemplate":"https:\/\/fepimsa.com\/es\/?s={search_term_string}"},"query-input":"required name=search_term_string"}],"inLanguage":"es-CO"},{"@type":"ImageObject","@id":"https:\/\/fepimsa.com\/es\/salud\/#primaryimage","inLanguage":"es-CO","url":"https:\/\/fepimsa.com\/es\/wp-content\/uploads\/2021\/07\/salud-scaled.jpg","contentUrl":"https:\/\/fepimsa.com\/es\/wp-content\/uploads\/2021\/07\/salud-scaled.jpg","width":2560,"height":1418},{"@type":"WebPage","@id":"https:\/\/fepimsa.com\/es\/salud\/#webpage","url":"https:\/\/fepimsa.com\/es\/salud\/","name":"SALUD - Fepimsa","isPartOf":{"@id":"https:\/\/fepimsa.com\/es\/#website"},"primaryImageOfPage":{"@id":"https:\/\/fepimsa.com\/es\/salud\/#primaryimage"},"datePublished":"2021-07-25T01:32:42+00:00","dateModified":"2023-05-18T21:46:47+00:00","breadcrumb":{"@id":"https:\/\/fepimsa.com\/es\/salud\/#breadcrumb"},"inLanguage":"es-CO","potentialAction":[{"@type":"ReadAction","target":["https:\/\/fepimsa.com\/es\/salud\/"]}]},{"@type":"BreadcrumbList","@id":"https:\/\/fepimsa.com\/es\/salud\/#breadcrumb","itemListElement":[{"@type":"ListItem","position":1,"name":"Home","item":"https:\/\/fepimsa.com\/es\/"},{"@type":"ListItem","position":2,"name":"SALUD"}]}]}},"_links":{"self":[{"href":"https:\/\/fepimsa.com\/es\/wp-json\/wp\/v2\/pages\/432"}],"collection":[{"href":"https:\/\/fepimsa.com\/es\/wp-json\/wp\/v2\/pages"}],"about":[{"href":"https:\/\/fepimsa.com\/es\/wp-json\/wp\/v2\/types\/page"}],"author":[{"embeddable":true,"href":"https:\/\/fepimsa.com\/es\/wp-json\/wp\/v2\/users\/1"}],"replies":[{"embeddable":true,"href":"https:\/\/fepimsa.com\/es\/wp-json\/wp\/v2\/comments?post=432"}],"version-history":[{"count":4,"href":"https:\/\/fepimsa.com\/es\/wp-json\/wp\/v2\/pages\/432\/revisions"}],"predecessor-version":[{"id":956,"href":"https:\/\/fepimsa.com\/es\/wp-json\/wp\/v2\/pages\/432\/revisions\/956"}],"wp:featuredmedia":[{"embeddable":true,"href":"https:\/\/fepimsa.com\/es\/wp-json\/wp\/v2\/media\/343"}],"wp:attachment":[{"href":"https:\/\/fepimsa.com\/es\/wp-json\/wp\/v2\/media?parent=432"}],"curies":[{"name":"wp","href":"https:\/\/api.w.org\/{rel}","templated":true}]}}